{"id":103,"date":"2022-09-22T21:12:25","date_gmt":"2022-09-22T21:12:25","guid":{"rendered":"https:\/\/neu.apartcentral.at\/?page_id=103"},"modified":"2022-09-25T18:40:03","modified_gmt":"2022-09-25T18:40:03","slug":"anreise","status":"publish","type":"page","link":"https:\/\/neu.apartcentral.at\/index.php\/anreise\/","title":{"rendered":"Anreise"},"content":{"rendered":"\n<h2 class=\"has-medium-font-size wp-block-heading\">Das Paznauntal ist ganzj\u00e4hrig \u00fcber die Autobahn-Ausfahrt Pians\/Paznaun erreichbar.<\/h2>\n\n\n\n<div class=\"embed-privacy-container is-disabled embed-google-maps\" data-embed-id=\"oembed_f82bee1da28266c4086c2569588cdbb6\" data-embed-provider=\"google-maps\" style=\"aspect-ratio: 600\/450;\">\t\t\t\t\t\t<button type=\"button\" class=\"embed-privacy-enable screen-reader-text\">Inhalt von Google Maps anzeigen<\/button>\t\t\t\t\t\t<div class=\"embed-privacy-overlay\">\t\t\t\t<div class=\"embed-privacy-inner\">\t\t\t\t\t<div class=\"embed-privacy-logo\" style=\"background-image: url(https:\/\/neu.apartcentral.at\/wp-content\/plugins\/embed-privacy\/assets\/images\/embed-google-maps.png?ver=1.12.3);\"><\/div>\t\t<p>\t\tHier klicken, um den Inhalt von Google Maps anzuzeigen.\t\t\t\t\t<br>\t\t\t\t\tErfahre mehr in der <a href=\"https:\/\/policies.google.com\/privacy?hl=de\" target=\"_blank\">Datenschutzerkl\u00e4rung von Google Maps<\/a>.\t\t<\/p>\t\t<p class=\"embed-privacy-input-wrapper\">\t\t\t<input id=\"embed-privacy-store-google-maps-f82bee1da28266c4086c2569588cdbb6\" type=\"checkbox\" value=\"1\" class=\"embed-privacy-input\" data-embed-provider=\"google-maps\">\t\t\t<label for=\"embed-privacy-store-google-maps-f82bee1da28266c4086c2569588cdbb6\" class=\"embed-privacy-label\" data-embed-provider=\"google-maps\">\t\t\t\tInhalt von Google Maps immer anzeigen\t\t\t<\/label>\t\t<\/p>\t\t\t\t\t\t<\/div>\t\t\t\t\t\t\t\t<div class=\"embed-privacy-footer\"><span class=\"embed-privacy-url\"><a href=\"https:\/\/www.google.com\/maps\/embed?pb=!1m18!1m12!1m3!1d10867.633349185096!2d10.461402896193242!3d47.08126111645216!2m3!1f0!2f0!3f0!3m2!1i1024!2i768!4f13.1!3m3!1m2!1s0x479cc9abd181c601%3A0x53c66fb8240fd2ef!2sApart%20Central%2FFerienwohnungen%20Wolf%20Marlis%2FAndreas!5e0!3m2!1sen!2sat!4v1664130085747!5m2!1sen!2sat\">Inhalt direkt \u00f6ffnen<\/a><\/span><\/div>\t\t\t<\/div>\t\t\t\t\t\t<div class=\"embed-privacy-content\">\t\t\t\t<script>var _oembed_f82bee1da28266c4086c2569588cdbb6 = '{\\\"embed\\\":\\\"&lt;iframe src=&quot;https:\\\\\/\\\\\/www.google.com\\\\\/maps\\\\\/embed?pb=!1m18!1m12!1m3!1d10867.633349185096!2d10.461402896193242!3d47.08126111645216!2m3!1f0!2f0!3f0!3m2!1i1024!2i768!4f13.1!3m3!1m2!1s0x479cc9abd181c601%3A0x53c66fb8240fd2ef!2sApart%20Central%2FFerienwohnungen%20Wolf%20Marlis%2FAndreas!5e0!3m2!1sen!2sat!4v1664130085747!5m2!1sen!2sat&quot; width=&quot;600&quot; height=&quot;450&quot; style=&quot;border:0;&quot; allowfullscreen=&quot;&quot; loading=&quot;lazy&quot; referrerpolicy=&quot;no-referrer-when-downgrade&quot;&gt;&lt;\\\\\/iframe&gt;\\\"}';<\/script>\t\t\t<\/div>\t\t<\/div>\n\n\n\n<div style=\"height:30px\" aria-hidden=\"true\" class=\"wp-block-spacer\"><\/div>\n\n\n\n<h3 class=\"has-medium-font-size wp-block-heading\">Unser Haus erreichen Sie sehr leicht.<\/h3>\n\n\n\n<p>Das Ferienhaus befindet sich in SEE, der erste Ort im Paznauntal (See, Kappl, Ischgl und Galt\u00fcr) im Westen von Tirol.<br>Die H\u00f6henlage (Talbereich: 1000 m bis 1300 m, Skigebiete: 1000 m bis 2900 m) garantiert im Winter hohe Schneesicherheit und im Sommer ein atemberaubendes Wandergebiet.<\/p>\n\n\n\n<h3 class=\"has-medium-font-size wp-block-heading\">So kommen Sie ins Paznauntal nach See:<\/h3>\n\n\n\n<p>Ob \u00fcber den Fernpass (Mautfrei \u00fcber Bundesstrassen) oder \u00fcber Lindau\/Bregenz (Vignettenpflicht), die Abzweigung erfolgt in Pians (S16: Ausfahrt Pians-Paznaun). Die Ortschaft See erreichen Sie nach 6 km. Unser Haus liegt in zweiter Reihe, abseits vom Stra\u00dfenverkehr in sehr ruhiger Lage &#8211; zentral im Dorf. Von der B188, ins Dorf kommend, zweigen Sie\u00a0 links\u00a0 in einen kleinen Seitenweg unmittelbar nach dem \u201eSchlecker\u201c (oranges Haus) ab.<br><br>Die Strasse ist im Winter Salznass. Beachten Sie auch die \u00f6sterreichische Winterreifen-Pflicht.<\/p>\n","protected":false},"excerpt":{"rendered":"<p>Das Paznauntal ist ganzj\u00e4hrig \u00fcber die Autobahn-Ausfahrt Pians\/Paznaun erreichbar. Inhalt von Google Maps anzeigen Hier klicken, um den Inhalt von Google Maps anzuzeigen. Erfahre mehr in der Datenschutzerkl\u00e4rung von Google Maps. Inhalt von Google Maps immer anzeigen Inhalt direkt \u00f6ffnen Unser Haus erreichen Sie sehr leicht. Das Ferienhaus befindet sich in SEE, der erste Ort&hellip;&nbsp;<a href=\"https:\/\/neu.apartcentral.at\/index.php\/anreise\/\" rel=\"bookmark\">Weiterlesen &raquo;<span class=\"screen-reader-text\">Anreise<\/span><\/a><\/p>\n","protected":false},"author":1,"featured_media":0,"parent":0,"menu_order":0,"comment_status":"closed","ping_status":"closed","template":"","meta":{"neve_meta_sidebar":"","neve_meta_container":"","neve_meta_enable_content_width":"","neve_meta_content_width":0,"neve_meta_title_alignment":"","neve_meta_author_avatar":"","neve_post_elements_order":"","neve_meta_disable_header":"","neve_meta_disable_footer":"","neve_meta_disable_title":"","footnotes":""},"class_list":["post-103","page","type-page","status-publish","hentry"],"_links":{"self":[{"href":"https:\/\/neu.apartcentral.at\/index.php\/wp-json\/wp\/v2\/pages\/103","targetHints":{"allow":["GET"]}}],"collection":[{"href":"https:\/\/neu.apartcentral.at\/index.php\/wp-json\/wp\/v2\/pages"}],"about":[{"href":"https:\/\/neu.apartcentral.at\/index.php\/wp-json\/wp\/v2\/types\/page"}],"author":[{"embeddable":true,"href":"https:\/\/neu.apartcentral.at\/index.php\/wp-json\/wp\/v2\/users\/1"}],"replies":[{"embeddable":true,"href":"https:\/\/neu.apartcentral.at\/index.php\/wp-json\/wp\/v2\/comments?post=103"}],"version-history":[{"count":5,"href":"https:\/\/neu.apartcentral.at\/index.php\/wp-json\/wp\/v2\/pages\/103\/revisions"}],"predecessor-version":[{"id":191,"href":"https:\/\/neu.apartcentral.at\/index.php\/wp-json\/wp\/v2\/pages\/103\/revisions\/191"}],"wp:attachment":[{"href":"https:\/\/neu.apartcentral.at\/index.php\/wp-json\/wp\/v2\/media?parent=103"}],"curies":[{"name":"wp","href":"https:\/\/api.w.org\/{rel}","templated":true}]}}