{"id":107,"date":"2022-09-22T21:14:34","date_gmt":"2022-09-22T21:14:34","guid":{"rendered":"https:\/\/neu.apartcentral.at\/?page_id=107"},"modified":"2022-09-27T22:26:14","modified_gmt":"2022-09-27T22:26:14","slug":"ausstattung-und-grundriss","status":"publish","type":"page","link":"https:\/\/neu.apartcentral.at\/index.php\/ausstattung-und-grundriss\/","title":{"rendered":"Ausstattung &#038; Grundriss"},"content":{"rendered":"\n<div style=\"height:50px\" aria-hidden=\"true\" class=\"wp-block-spacer\"><\/div>\n\n\n\n<h1 class=\"wp-block-heading\">Komfort im Apart Central<\/h1>\n\n\n\n<p>Wir bieten Ihnen zwei Komfort-Apartment und ein Mehrbettzimmer, jeweils inkl. der Nutzungsm\u00f6glichkeit unseres Wellnessbereichs.<\/p>\n\n\n\n<h2 class=\"has-large-font-size wp-block-heading\">Apartments <\/h2>\n\n\n\n<p>Die Aparments sind komfortabel im modern-l\u00e4ndlichen Stil eingerichtet. Sie befinden sich im Parterre unseres Hauses und sind somit f\u00fcr &#8222;Alt und Jung&#8220; besonders gut geeignet. Parkpl\u00e4tze stehen ausreichend zur Verf\u00fcgung.<\/p>\n\n\n\n<div class=\"wp-block-columns has-nv-light-bg-background-color has-background is-layout-flex wp-container-core-columns-is-layout-9d6595d7 wp-block-columns-is-layout-flex\">\n<div class=\"wp-block-column is-layout-flow wp-block-column-is-layout-flow\">\n<h3 class=\"has-medium-font-size wp-block-heading\"><strong>Apartment Bernhard<\/strong><\/h3>\n\n\n\n<p>(EG 80m\u00b2, bis zu 7 Pers.)<br>ein Doppelzimmer, ein Dreibettzimmer, Wohnk\u00fcche* mit Schlafcouch und Komfortk\u00fcchenblock**, DU\/WC<\/p>\n\n\n\n<figure class=\"wp-block-image size-full\"><img loading=\"lazy\" decoding=\"async\" width=\"534\" height=\"328\" src=\"https:\/\/neu.apartcentral.at\/wp-content\/uploads\/2022\/09\/first.png\" alt=\"\" class=\"wp-image-298\" srcset=\"https:\/\/neu.apartcentral.at\/wp-content\/uploads\/2022\/09\/first.png 534w, https:\/\/neu.apartcentral.at\/wp-content\/uploads\/2022\/09\/first-300x184.png 300w, https:\/\/neu.apartcentral.at\/wp-content\/uploads\/2022\/09\/first-189x116.png 189w\" sizes=\"auto, (max-width: 534px) 100vw, 534px\" \/><\/figure>\n<\/div>\n\n\n\n<div class=\"wp-block-column is-layout-flow wp-block-column-is-layout-flow\">\n<figure class=\"wp-block-gallery has-nested-images columns-default is-cropped wp-block-gallery-1 is-layout-flex wp-block-gallery-is-layout-flex\">\n<figure class=\"wp-block-image size-large\"><img loading=\"lazy\" decoding=\"async\" width=\"472\" height=\"305\" data-id=\"151\" src=\"https:\/\/neu.apartcentral.at\/wp-content\/uploads\/2022\/09\/Bett-WH-Klein.jpg\" alt=\"Bild vom Schlafzimmer in der keinen Wohnung\" class=\"wp-image-151\" srcset=\"https:\/\/neu.apartcentral.at\/wp-content\/uploads\/2022\/09\/Bett-WH-Klein.jpg 472w, https:\/\/neu.apartcentral.at\/wp-content\/uploads\/2022\/09\/Bett-WH-Klein-300x194.jpg 300w\" sizes=\"auto, (max-width: 472px) 100vw, 472px\" \/><\/figure>\n\n\n\n<figure class=\"wp-block-image size-large\"><img loading=\"lazy\" decoding=\"async\" width=\"448\" height=\"336\" data-id=\"156\" src=\"https:\/\/neu.apartcentral.at\/wp-content\/uploads\/2022\/09\/keller-webkuche.jpg\" alt=\"Bild von der kleinen K\u00fcche\" class=\"wp-image-156\" srcset=\"https:\/\/neu.apartcentral.at\/wp-content\/uploads\/2022\/09\/keller-webkuche.jpg 448w, https:\/\/neu.apartcentral.at\/wp-content\/uploads\/2022\/09\/keller-webkuche-300x225.jpg 300w\" sizes=\"auto, (max-width: 448px) 100vw, 448px\" \/><\/figure>\n\n\n\n<figure class=\"wp-block-image size-large\"><img loading=\"lazy\" decoding=\"async\" width=\"236\" height=\"393\" data-id=\"148\" src=\"https:\/\/neu.apartcentral.at\/wp-content\/uploads\/2022\/09\/Bad-doppel.jpg\" alt=\"Badezimmer Gro\u00df\" class=\"wp-image-148\" srcset=\"https:\/\/neu.apartcentral.at\/wp-content\/uploads\/2022\/09\/Bad-doppel.jpg 236w, https:\/\/neu.apartcentral.at\/wp-content\/uploads\/2022\/09\/Bad-doppel-180x300.jpg 180w\" sizes=\"auto, (max-width: 236px) 100vw, 236px\" \/><\/figure>\n\n\n\n<figure class=\"wp-block-image size-large\"><img loading=\"lazy\" decoding=\"async\" width=\"591\" height=\"385\" data-id=\"157\" src=\"https:\/\/neu.apartcentral.at\/wp-content\/uploads\/2022\/09\/kuche-gro.jpg\" alt=\"K\u00fcche mit Essbereich\" class=\"wp-image-157\" srcset=\"https:\/\/neu.apartcentral.at\/wp-content\/uploads\/2022\/09\/kuche-gro.jpg 591w, https:\/\/neu.apartcentral.at\/wp-content\/uploads\/2022\/09\/kuche-gro-300x195.jpg 300w\" sizes=\"auto, (max-width: 591px) 100vw, 591px\" \/><\/figure>\n<\/figure>\n<\/div>\n<\/div>\n\n\n\n<div class=\"wp-block-columns has-nv-light-bg-background-color has-background is-layout-flex wp-container-core-columns-is-layout-9d6595d7 wp-block-columns-is-layout-flex\">\n<div class=\"wp-block-column is-layout-flow wp-block-column-is-layout-flow\">\n<h3 class=\"has-medium-font-size wp-block-heading\"><strong>Apartment Christine<\/strong><\/h3>\n\n\n\n<p>(EG 47m\u00b2,  bis zu 4 Pers.)<br>ein Doppelzimmer, Wohnk\u00fcche* mit Schlafcouch und Komfortk\u00fcchenbock**, DU\/WC<\/p>\n\n\n\n<figure class=\"wp-block-image size-full\"><img loading=\"lazy\" decoding=\"async\" width=\"534\" height=\"328\" src=\"https:\/\/neu.apartcentral.at\/wp-content\/uploads\/2022\/09\/second.png\" alt=\"\" class=\"wp-image-299\" srcset=\"https:\/\/neu.apartcentral.at\/wp-content\/uploads\/2022\/09\/second.png 534w, https:\/\/neu.apartcentral.at\/wp-content\/uploads\/2022\/09\/second-300x184.png 300w, https:\/\/neu.apartcentral.at\/wp-content\/uploads\/2022\/09\/second-189x116.png 189w\" sizes=\"auto, (max-width: 534px) 100vw, 534px\" \/><\/figure>\n<\/div>\n\n\n\n<div class=\"wp-block-column is-layout-flow wp-block-column-is-layout-flow\">\n<figure class=\"wp-block-gallery has-nested-images columns-default is-cropped wp-block-gallery-2 is-layout-flex wp-block-gallery-is-layout-flex\">\n<figure class=\"wp-block-image size-large\"><img loading=\"lazy\" decoding=\"async\" width=\"472\" height=\"305\" data-id=\"151\" src=\"https:\/\/neu.apartcentral.at\/wp-content\/uploads\/2022\/09\/Bett-WH-Klein.jpg\" alt=\"Bild vom Schlafzimmer in der keinen Wohnung\" class=\"wp-image-151\" srcset=\"https:\/\/neu.apartcentral.at\/wp-content\/uploads\/2022\/09\/Bett-WH-Klein.jpg 472w, https:\/\/neu.apartcentral.at\/wp-content\/uploads\/2022\/09\/Bett-WH-Klein-300x194.jpg 300w\" sizes=\"auto, (max-width: 472px) 100vw, 472px\" \/><\/figure>\n\n\n\n<figure class=\"wp-block-image size-large\"><img loading=\"lazy\" decoding=\"async\" width=\"448\" height=\"336\" data-id=\"156\" src=\"https:\/\/neu.apartcentral.at\/wp-content\/uploads\/2022\/09\/keller-webkuche.jpg\" alt=\"Bild von der kleinen K\u00fcche\" class=\"wp-image-156\" srcset=\"https:\/\/neu.apartcentral.at\/wp-content\/uploads\/2022\/09\/keller-webkuche.jpg 448w, https:\/\/neu.apartcentral.at\/wp-content\/uploads\/2022\/09\/keller-webkuche-300x225.jpg 300w\" sizes=\"auto, (max-width: 448px) 100vw, 448px\" \/><\/figure>\n\n\n\n<figure class=\"wp-block-image size-large\"><img loading=\"lazy\" decoding=\"async\" width=\"236\" height=\"393\" data-id=\"148\" src=\"https:\/\/neu.apartcentral.at\/wp-content\/uploads\/2022\/09\/Bad-doppel.jpg\" alt=\"Badezimmer Gro\u00df\" class=\"wp-image-148\" srcset=\"https:\/\/neu.apartcentral.at\/wp-content\/uploads\/2022\/09\/Bad-doppel.jpg 236w, https:\/\/neu.apartcentral.at\/wp-content\/uploads\/2022\/09\/Bad-doppel-180x300.jpg 180w\" sizes=\"auto, (max-width: 236px) 100vw, 236px\" \/><\/figure>\n\n\n\n<figure class=\"wp-block-image size-large\"><img loading=\"lazy\" decoding=\"async\" width=\"591\" height=\"385\" data-id=\"157\" src=\"https:\/\/neu.apartcentral.at\/wp-content\/uploads\/2022\/09\/kuche-gro.jpg\" alt=\"K\u00fcche mit Essbereich\" class=\"wp-image-157\" srcset=\"https:\/\/neu.apartcentral.at\/wp-content\/uploads\/2022\/09\/kuche-gro.jpg 591w, https:\/\/neu.apartcentral.at\/wp-content\/uploads\/2022\/09\/kuche-gro-300x195.jpg 300w\" sizes=\"auto, (max-width: 591px) 100vw, 591px\" \/><\/figure>\n<\/figure>\n<\/div>\n<\/div>\n\n\n\n<div style=\"height:35px\" aria-hidden=\"true\" class=\"wp-block-spacer\"><\/div>\n\n\n\n<h2 class=\"has-large-font-size wp-block-heading\">Mehrbettzimmer<\/h2>\n\n\n\n<p>Hier ein Text warum der Keller sich gut zum \u00dcbernachten eignet \ud83d\ude09<\/p>\n\n\n\n<div class=\"wp-block-columns has-nv-light-bg-background-color has-background is-layout-flex wp-container-core-columns-is-layout-9d6595d7 wp-block-columns-is-layout-flex\">\n<div class=\"wp-block-column is-layout-flow wp-block-column-is-layout-flow\">\n<h3 class=\"has-medium-font-size wp-block-heading\"><strong>Mehrbettzimmer Marlies<\/strong><\/h3>\n\n\n\n<p>(KG 50m\u00b2, bis zu 4 Pers.)<br>ein Mehrbettzimmer, Wohnk\u00fcche* mit Schlafcouch und Komfortk\u00fcchenblock**, DU\/WC<\/p>\n\n\n\n<figure class=\"wp-block-image size-full\"><img loading=\"lazy\" decoding=\"async\" width=\"561\" height=\"398\" src=\"https:\/\/neu.apartcentral.at\/wp-content\/uploads\/2022\/09\/third.png\" alt=\"\" class=\"wp-image-300\" srcset=\"https:\/\/neu.apartcentral.at\/wp-content\/uploads\/2022\/09\/third.png 561w, https:\/\/neu.apartcentral.at\/wp-content\/uploads\/2022\/09\/third-300x213.png 300w, https:\/\/neu.apartcentral.at\/wp-content\/uploads\/2022\/09\/third-164x116.png 164w\" sizes=\"auto, (max-width: 561px) 100vw, 561px\" \/><\/figure>\n<\/div>\n\n\n\n<div class=\"wp-block-column is-layout-flow wp-block-column-is-layout-flow\">\n<figure class=\"wp-block-gallery has-nested-images columns-default is-cropped wp-block-gallery-3 is-layout-flex wp-block-gallery-is-layout-flex\">\n<figure class=\"wp-block-image size-large\"><img loading=\"lazy\" decoding=\"async\" width=\"472\" height=\"305\" data-id=\"151\" src=\"https:\/\/neu.apartcentral.at\/wp-content\/uploads\/2022\/09\/Bett-WH-Klein.jpg\" alt=\"Bild vom Schlafzimmer in der keinen Wohnung\" class=\"wp-image-151\" srcset=\"https:\/\/neu.apartcentral.at\/wp-content\/uploads\/2022\/09\/Bett-WH-Klein.jpg 472w, https:\/\/neu.apartcentral.at\/wp-content\/uploads\/2022\/09\/Bett-WH-Klein-300x194.jpg 300w\" sizes=\"auto, (max-width: 472px) 100vw, 472px\" \/><\/figure>\n\n\n\n<figure class=\"wp-block-image size-large\"><img loading=\"lazy\" decoding=\"async\" width=\"448\" height=\"336\" data-id=\"156\" src=\"https:\/\/neu.apartcentral.at\/wp-content\/uploads\/2022\/09\/keller-webkuche.jpg\" alt=\"Bild von der kleinen K\u00fcche\" class=\"wp-image-156\" srcset=\"https:\/\/neu.apartcentral.at\/wp-content\/uploads\/2022\/09\/keller-webkuche.jpg 448w, https:\/\/neu.apartcentral.at\/wp-content\/uploads\/2022\/09\/keller-webkuche-300x225.jpg 300w\" sizes=\"auto, (max-width: 448px) 100vw, 448px\" \/><\/figure>\n\n\n\n<figure class=\"wp-block-image size-large\"><img loading=\"lazy\" decoding=\"async\" width=\"236\" height=\"393\" data-id=\"148\" src=\"https:\/\/neu.apartcentral.at\/wp-content\/uploads\/2022\/09\/Bad-doppel.jpg\" alt=\"Badezimmer Gro\u00df\" class=\"wp-image-148\" srcset=\"https:\/\/neu.apartcentral.at\/wp-content\/uploads\/2022\/09\/Bad-doppel.jpg 236w, https:\/\/neu.apartcentral.at\/wp-content\/uploads\/2022\/09\/Bad-doppel-180x300.jpg 180w\" sizes=\"auto, (max-width: 236px) 100vw, 236px\" \/><\/figure>\n\n\n\n<figure class=\"wp-block-image size-large\"><img loading=\"lazy\" decoding=\"async\" width=\"591\" height=\"385\" data-id=\"157\" src=\"https:\/\/neu.apartcentral.at\/wp-content\/uploads\/2022\/09\/kuche-gro.jpg\" alt=\"K\u00fcche mit Essbereich\" class=\"wp-image-157\" srcset=\"https:\/\/neu.apartcentral.at\/wp-content\/uploads\/2022\/09\/kuche-gro.jpg 591w, https:\/\/neu.apartcentral.at\/wp-content\/uploads\/2022\/09\/kuche-gro-300x195.jpg 300w\" sizes=\"auto, (max-width: 591px) 100vw, 591px\" \/><\/figure>\n<\/figure>\n<\/div>\n<\/div>\n\n\n\n<div style=\"height:35px\" aria-hidden=\"true\" class=\"wp-block-spacer\"><\/div>\n\n\n\n<h2 class=\"wp-block-heading\">Wellnessbereich<\/h2>\n\n\n\n<div class=\"wp-block-columns has-nv-light-bg-background-color has-background is-layout-flex wp-container-core-columns-is-layout-9d6595d7 wp-block-columns-is-layout-flex\">\n<div class=\"wp-block-column is-layout-flow wp-block-column-is-layout-flow\">\n<div class=\"wp-block-columns is-layout-flex wp-container-core-columns-is-layout-9d6595d7 wp-block-columns-is-layout-flex\">\n<div class=\"wp-block-column is-layout-flow wp-block-column-is-layout-flow\">\n<p>Einfach mal ausspannen&#8230;<\/p>\n\n\n\n<p>und die Zeit an sich vor\u00fcberziehen lassen. In unserem Wellness-Bereich sind Sie genau richtig. In der Erlebnisdusche werden Sie von Tropenregen verw\u00f6hnt und im warmen Whirlpool sanft umsprudelt.<\/p>\n<\/div>\n\n\n\n<div class=\"wp-block-column is-layout-flow wp-block-column-is-layout-flow\">\n<figure class=\"wp-block-gallery has-nested-images columns-default is-cropped wp-block-gallery-4 is-layout-flex wp-block-gallery-is-layout-flex\">\n<figure class=\"wp-block-image size-large\"><img loading=\"lazy\" decoding=\"async\" width=\"472\" height=\"305\" data-id=\"151\" src=\"https:\/\/neu.apartcentral.at\/wp-content\/uploads\/2022\/09\/Bett-WH-Klein.jpg\" alt=\"Bild vom Schlafzimmer in der keinen Wohnung\" class=\"wp-image-151\" srcset=\"https:\/\/neu.apartcentral.at\/wp-content\/uploads\/2022\/09\/Bett-WH-Klein.jpg 472w, https:\/\/neu.apartcentral.at\/wp-content\/uploads\/2022\/09\/Bett-WH-Klein-300x194.jpg 300w\" sizes=\"auto, (max-width: 472px) 100vw, 472px\" \/><\/figure>\n\n\n\n<figure class=\"wp-block-image size-large\"><img loading=\"lazy\" decoding=\"async\" width=\"448\" height=\"336\" data-id=\"156\" src=\"https:\/\/neu.apartcentral.at\/wp-content\/uploads\/2022\/09\/keller-webkuche.jpg\" alt=\"Bild von der kleinen K\u00fcche\" class=\"wp-image-156\" srcset=\"https:\/\/neu.apartcentral.at\/wp-content\/uploads\/2022\/09\/keller-webkuche.jpg 448w, https:\/\/neu.apartcentral.at\/wp-content\/uploads\/2022\/09\/keller-webkuche-300x225.jpg 300w\" sizes=\"auto, (max-width: 448px) 100vw, 448px\" \/><\/figure>\n\n\n\n<figure class=\"wp-block-image size-large\"><img loading=\"lazy\" decoding=\"async\" width=\"236\" height=\"393\" data-id=\"148\" src=\"https:\/\/neu.apartcentral.at\/wp-content\/uploads\/2022\/09\/Bad-doppel.jpg\" alt=\"Badezimmer Gro\u00df\" class=\"wp-image-148\" srcset=\"https:\/\/neu.apartcentral.at\/wp-content\/uploads\/2022\/09\/Bad-doppel.jpg 236w, https:\/\/neu.apartcentral.at\/wp-content\/uploads\/2022\/09\/Bad-doppel-180x300.jpg 180w\" sizes=\"auto, (max-width: 236px) 100vw, 236px\" \/><\/figure>\n\n\n\n<figure class=\"wp-block-image size-large\"><img loading=\"lazy\" decoding=\"async\" width=\"591\" height=\"385\" data-id=\"157\" src=\"https:\/\/neu.apartcentral.at\/wp-content\/uploads\/2022\/09\/kuche-gro.jpg\" alt=\"K\u00fcche mit Essbereich\" class=\"wp-image-157\" srcset=\"https:\/\/neu.apartcentral.at\/wp-content\/uploads\/2022\/09\/kuche-gro.jpg 591w, https:\/\/neu.apartcentral.at\/wp-content\/uploads\/2022\/09\/kuche-gro-300x195.jpg 300w\" sizes=\"auto, (max-width: 591px) 100vw, 591px\" \/><\/figure>\n<\/figure>\n<\/div>\n<\/div>\n<\/div>\n<\/div>\n\n\n\n<div style=\"height:35px\" aria-hidden=\"true\" class=\"wp-block-spacer\"><\/div>\n\n\n\n<h2 class=\"wp-block-heading\">Weitere Informationen<\/h2>\n\n\n\n<div class=\"wp-block-columns has-nv-light-bg-background-color has-background is-layout-flex wp-container-core-columns-is-layout-9d6595d7 wp-block-columns-is-layout-flex\">\n<div class=\"wp-block-column is-layout-flow wp-block-column-is-layout-flow\">\n<p><strong>Wohnk\u00fcche*:<br><\/strong>gro\u00dfe Tischecke, Garderobe, Doppel Schlafcouch ausziehbar, Sat-TV, WLAN, Laminat Bodenbelag, usw.<\/p>\n\n\n\n<p><strong>Komfortk\u00fcchenblock**:<br><\/strong>K\u00fchl-Gefrierkombi, E-Herd mit Cerankochefeld und Backofen, Geschirrsp\u00fcler, Micro, Toaster, Kaffeemaschine, kompletter Geschirrausstattung, usw. (alles Markenger\u00e4te wie Miele,&#8230;)<\/p>\n\n\n\n<div class=\"wp-block-columns is-layout-flex wp-container-core-columns-is-layout-9d6595d7 wp-block-columns-is-layout-flex\">\n<div class=\"wp-block-column is-layout-flow wp-block-column-is-layout-flow\">\n<h3 class=\"has-medium-font-size wp-block-heading\">Services:<\/h3>\n\n\n\n<ul class=\"wp-block-list\"><li>B\u00fcrodienste<\/li><li>Englisch sprechend<\/li><li>Internet kostenlos<\/li><\/ul>\n\n\n\n<h3 class=\"has-medium-font-size wp-block-heading\">Zahlungsm\u00f6glichkeiten:<\/h3>\n\n\n\n<ul class=\"wp-block-list\"><li>Barzahlung<\/li><\/ul>\n\n\n\n<h3 class=\"has-medium-font-size wp-block-heading\">Baby-Ausstattung:<\/h3>\n\n\n\n<ul class=\"wp-block-list\"><li>Kinderhochstuhl<\/li><li>Babybett<\/li><\/ul>\n<\/div>\n\n\n\n<div class=\"wp-block-column is-layout-flow wp-block-column-is-layout-flow\">\n<h3 class=\"has-medium-font-size wp-block-heading\">Besondere Eignung:<\/h3>\n\n\n\n<ul class=\"wp-block-list\"><li>Familien<\/li><li>Gruppen<\/li><li>Senioren<\/li><li>bis 15 Personen<\/li><\/ul>\n\n\n\n<h3 class=\"has-medium-font-size wp-block-heading\">Organisation:<\/h3>\n\n\n\n<ul class=\"wp-block-list\"><li>Transfer Bahnhof<\/li><li>Transfer Flughafen<\/li><\/ul>\n<\/div>\n<\/div>\n<\/div>\n<\/div>\n","protected":false},"excerpt":{"rendered":"<p>Komfort im Apart Central Wir bieten Ihnen zwei Komfort-Apartment und ein Mehrbettzimmer, jeweils inkl. der Nutzungsm\u00f6glichkeit unseres Wellnessbereichs. Apartments Die Aparments sind komfortabel im modern-l\u00e4ndlichen Stil eingerichtet. Sie befinden sich im Parterre unseres Hauses und sind somit f\u00fcr &#8222;Alt und Jung&#8220; besonders gut geeignet. Parkpl\u00e4tze stehen ausreichend zur Verf\u00fcgung. Apartment Bernhard (EG 80m\u00b2, bis zu&hellip;&nbsp;<a href=\"https:\/\/neu.apartcentral.at\/index.php\/ausstattung-und-grundriss\/\" rel=\"bookmark\">Weiterlesen &raquo;<span class=\"screen-reader-text\">Ausstattung &#038; Grundriss<\/span><\/a><\/p>\n","protected":false},"author":1,"featured_media":0,"parent":0,"menu_order":0,"comment_status":"closed","ping_status":"closed","template":"","meta":{"neve_meta_sidebar":"","neve_meta_container":"","neve_meta_enable_content_width":"","neve_meta_content_width":0,"neve_meta_title_alignment":"","neve_meta_author_avatar":"","neve_post_elements_order":"","neve_meta_disable_header":"","neve_meta_disable_footer":"","neve_meta_disable_title":"on","footnotes":""},"class_list":["post-107","page","type-page","status-publish","hentry"],"_links":{"self":[{"href":"https:\/\/neu.apartcentral.at\/index.php\/wp-json\/wp\/v2\/pages\/107","targetHints":{"allow":["GET"]}}],"collection":[{"href":"https:\/\/neu.apartcentral.at\/index.php\/wp-json\/wp\/v2\/pages"}],"about":[{"href":"https:\/\/neu.apartcentral.at\/index.php\/wp-json\/wp\/v2\/types\/page"}],"author":[{"embeddable":true,"href":"https:\/\/neu.apartcentral.at\/index.php\/wp-json\/wp\/v2\/users\/1"}],"replies":[{"embeddable":true,"href":"https:\/\/neu.apartcentral.at\/index.php\/wp-json\/wp\/v2\/comments?post=107"}],"version-history":[{"count":7,"href":"https:\/\/neu.apartcentral.at\/index.php\/wp-json\/wp\/v2\/pages\/107\/revisions"}],"predecessor-version":[{"id":302,"href":"https:\/\/neu.apartcentral.at\/index.php\/wp-json\/wp\/v2\/pages\/107\/revisions\/302"}],"wp:attachment":[{"href":"https:\/\/neu.apartcentral.at\/index.php\/wp-json\/wp\/v2\/media?parent=107"}],"curies":[{"name":"wp","href":"https:\/\/api.w.org\/{rel}","templated":true}]}}