{"id":113,"date":"2022-09-22T21:15:56","date_gmt":"2022-09-22T21:15:56","guid":{"rendered":"https:\/\/neu.apartcentral.at\/?page_id=113"},"modified":"2022-09-27T21:26:11","modified_gmt":"2022-09-27T21:26:11","slug":"region","status":"publish","type":"page","link":"https:\/\/neu.apartcentral.at\/index.php\/region\/","title":{"rendered":"Region"},"content":{"rendered":"\n<div style=\"height:50px\" aria-hidden=\"true\" class=\"wp-block-spacer\"><\/div>\n\n\n\n<h2 class=\"wp-block-heading\">Silvretta Card<\/h2>\n\n\n\n<p><strong>All-Inclusive-Leistungen bei Ihrem Aufenthalt im Paznaun:<\/strong><\/p>\n\n\n\n<ul class=\"wp-block-list\"><li>Benutzung aller Seilbahnen und Sessellifte in See, Kappl, Ischgl\/Samnaun, Galt\u00fcr (in Betrieb befindlichen Anlagen)<\/li><li>freier Eintritt in Frei- und Hallenb\u00e4dern in Ischgl und Galt\u00fcr<\/li><li>freie Benutzung der \u00f6ffentlichen Verkehrsmittel auf der Strecke Landeck Bielerh\u00f6he\/Silvretta<\/li><li>freier Eintritt in den &#8222;Sunny Mountain Park&#8220; in Kappl<\/li><li>freier Eintritt im Gesundheits- und Wellnesspark (auf 1.850 m) der Bergbahnen See<\/li><li>freier Eintritt in der &#8222;Funsportcity&#8220; in Ischgl sowie im Funpark &#8222;Seeland&#8220; in See mit Naturbadesee, Beachvolleyballplatz, uvm.<\/li><li>kostenlose Teilnahme am&nbsp;Animationsprogramm Paznaun<\/li><li>freie Ben\u00fctzung der Silvretta Hochalpenstrasse bei An,- und Abreise sowie w\u00e4hren ihres Aufenthaltes<\/li><\/ul>\n\n\n\n<p>Mehr Infos zur Silvretta Card finden Sie <a href=\"https:\/\/www.paznaun-ischgl.com\/de\/Service\/Silvretta-Card\" data-type=\"URL\" data-id=\"https:\/\/www.paznaun-ischgl.com\/de\/Service\/Silvretta-Card\">hier<\/a>.<\/p>\n\n\n\n<div style=\"height:50px\" aria-hidden=\"true\" class=\"wp-block-spacer\"><\/div>\n\n\n\n<h2 class=\"wp-block-heading\">Attraktionen in See und Nachbargemeinden<\/h2>\n\n\n\n<p>See ist das erste Dorf im Tal und biete interessante M\u00f6glichkeiten f\u00fcr kurzweilige Familienurlaube. <br>Saisonale Empfehlungen sowie einen Eventkalender vom Ort finden Sie <a href=\"https:\/\/www.see.at\/\">hier<\/a>. <\/p>\n\n\n\n<p>Der Tourismusverband Paznaun-Ischgl gilt als einer der beliebtesten Urlaubsdestinationen der Alpen.<br>Informationen Rund um Ischgl k\u00f6nnen Sie <a href=\"https:\/\/www.ischgl.com\/\">hier<\/a> finden, alles zu Galt\u00fcr <a href=\"https:\/\/www.galtuer.com\/\">hier<\/a>. <\/p>\n\n\n\n<div class=\"wp-block-columns is-layout-flex wp-container-core-columns-is-layout-9d6595d7 wp-block-columns-is-layout-flex\">\n<div class=\"wp-block-column is-layout-flow wp-block-column-is-layout-flow\">\n<h3 class=\"wp-block-heading\">Wintersport<\/h3>\n\n\n\n<p>In der Region rund um See finden Sie verschiedene Skigebiete, darunter:<\/p>\n\n\n\n<ul class=\"wp-block-list\"><li><a href=\"https:\/\/www.bergbahn.com\/\" data-type=\"URL\" data-id=\"https:\/\/www.bergbahn.com\/\">Familienskigebiet See<\/a><\/li><li><a href=\"https:\/\/www.ischgl.com\/\">Silvretta Seilbahn Tirol <\/a><br><a href=\"https:\/\/www.ischgl.com\/\">Ischgl-Samnaun<\/a><\/li><li><a href=\"https:\/\/www.galtuer.com\/de\/More\/Bergbahnen-Galtuer\">Bergbahnen Galt\u00fcr<\/a><\/li><li><a href=\"https:\/\/skischule-see.at\/\">Skischule See<\/a><\/li><\/ul>\n<\/div>\n\n\n\n<div class=\"wp-block-column is-layout-flow wp-block-column-is-layout-flow\">\n<h3 class=\"wp-block-heading\">Restaurants<\/h3>\n\n\n\n<p>Von gehoben bis roman-tisch! Eine kleine Aus-wahl an guten Restau-rants in See und im Paznauntal sehen Sie <a href=\"http:\/\/maps.google.at\/maps\/ms?hl=de&amp;ie=UTF8&amp;cid=11557434467816142205&amp;hq=&amp;hnear=&amp;msa=0&amp;msid=217366458934761168158.000497dbbddc9827e31a5&amp;ll=47.079942,10.381737&amp;spn=0.143083,0.296631&amp;z=12\">hier<\/a>.<\/p>\n\n\n\n<p>Unsere Favoriten:<\/p>\n\n\n\n<ul class=\"wp-block-list\"><li><a href=\"https:\/\/www.hotel-mallaun.at\/de\/kulinarik\">Restaurant Mallaun<\/a> (gehoben)<\/li><li><a href=\"https:\/\/www.altorrente.at\/de\/ristorante-pizzeria\/\">Pizzeria al Torrente<\/a> (Italienisch)<\/li><li><a href=\"https:\/\/www.hotellamm.at\/gourmet\/hotelrestaurant.html\">Restaurant weisses Lamm<\/a> (Tradition)<\/li><li><a href=\"https:\/\/www.trofana-royal.at\/gourmet\/die-paznaunerstube\/\">Paznauner Stuben<\/a> (3 Hauben)<\/li><\/ul>\n<\/div>\n\n\n\n<div class=\"wp-block-column is-layout-flow wp-block-column-is-layout-flow\">\n<h3 class=\"wp-block-heading\">Freizeitm\u00f6glichkeiten<\/h3>\n\n\n\n<p>In der Region gibt es viele Freizeitm\u00f6glichkeiten, eine kleine Sammlung finden Sie hier.<\/p>\n\n\n\n<ul class=\"wp-block-list\"><li><a href=\"http:\/\/maps.google.at\/maps\/ms?hl=de&amp;ie=UTF8&amp;cid=11557434467816142205&amp;hq=&amp;hnear=&amp;msa=0&amp;msid=217366458934761168158.00049796509f3e129189e&amp;z=9\">Tipps vom Museum bis zum Zollfrei-Gebiet Samnaun<\/a><\/li><li><a href=\"http:\/\/maps.google.at\/maps\/ms?hl=de&amp;ie=UTF8&amp;msa=0&amp;msid=217366458934761168158.000497de076e4482bac51&amp;ll=47.083405,10.464327&amp;spn=0.004471,0.00927&amp;z=17\">Sporth\u00e4user<\/a><\/li><li><a href=\"http:\/\/maps.google.at\/maps\/ms?hl=de&amp;ie=UTF8&amp;msa=0&amp;msid=217366458934761168158.00049810d4b36b0680502&amp;ll=47.104251,10.442505&amp;spn=0.252383,0.441513&amp;z=11\">Einkaufsm\u00f6glichkeiten<\/a><\/li><\/ul>\n<\/div>\n<\/div>\n","protected":false},"excerpt":{"rendered":"<p>Silvretta Card All-Inclusive-Leistungen bei Ihrem Aufenthalt im Paznaun: Benutzung aller Seilbahnen und Sessellifte in See, Kappl, Ischgl\/Samnaun, Galt\u00fcr (in Betrieb befindlichen Anlagen) freier Eintritt in Frei- und Hallenb\u00e4dern in Ischgl und Galt\u00fcr freie Benutzung der \u00f6ffentlichen Verkehrsmittel auf der Strecke Landeck Bielerh\u00f6he\/Silvretta freier Eintritt in den &#8222;Sunny Mountain Park&#8220; in Kappl freier Eintritt im Gesundheits-&hellip;&nbsp;<a href=\"https:\/\/neu.apartcentral.at\/index.php\/region\/\" rel=\"bookmark\">Weiterlesen &raquo;<span class=\"screen-reader-text\">Region<\/span><\/a><\/p>\n","protected":false},"author":1,"featured_media":0,"parent":0,"menu_order":0,"comment_status":"closed","ping_status":"closed","template":"","meta":{"neve_meta_sidebar":"","neve_meta_container":"default","neve_meta_enable_content_width":"","neve_meta_content_width":0,"neve_meta_title_alignment":"","neve_meta_author_avatar":"","neve_post_elements_order":"","neve_meta_disable_header":"","neve_meta_disable_footer":"","neve_meta_disable_title":"on","footnotes":""},"class_list":["post-113","page","type-page","status-publish","hentry"],"_links":{"self":[{"href":"https:\/\/neu.apartcentral.at\/index.php\/wp-json\/wp\/v2\/pages\/113","targetHints":{"allow":["GET"]}}],"collection":[{"href":"https:\/\/neu.apartcentral.at\/index.php\/wp-json\/wp\/v2\/pages"}],"about":[{"href":"https:\/\/neu.apartcentral.at\/index.php\/wp-json\/wp\/v2\/types\/page"}],"author":[{"embeddable":true,"href":"https:\/\/neu.apartcentral.at\/index.php\/wp-json\/wp\/v2\/users\/1"}],"replies":[{"embeddable":true,"href":"https:\/\/neu.apartcentral.at\/index.php\/wp-json\/wp\/v2\/comments?post=113"}],"version-history":[{"count":7,"href":"https:\/\/neu.apartcentral.at\/index.php\/wp-json\/wp\/v2\/pages\/113\/revisions"}],"predecessor-version":[{"id":296,"href":"https:\/\/neu.apartcentral.at\/index.php\/wp-json\/wp\/v2\/pages\/113\/revisions\/296"}],"wp:attachment":[{"href":"https:\/\/neu.apartcentral.at\/index.php\/wp-json\/wp\/v2\/media?parent=113"}],"curies":[{"name":"wp","href":"https:\/\/api.w.org\/{rel}","templated":true}]}}