{"id":78,"date":"2022-09-22T19:27:59","date_gmt":"2022-09-22T19:27:59","guid":{"rendered":"https:\/\/neu.apartcentral.at\/?page_id=78"},"modified":"2022-09-27T19:53:15","modified_gmt":"2022-09-27T19:53:15","slug":"startseite","status":"publish","type":"page","link":"https:\/\/neu.apartcentral.at\/","title":{"rendered":"Startseite"},"content":{"rendered":"\n<div class=\"wp-block-columns is-layout-flex wp-container-core-columns-is-layout-9d6595d7 wp-block-columns-is-layout-flex\">\n<div class=\"wp-block-column is-layout-flow wp-block-column-is-layout-flow\">\n<div class=\"wp-block-cover is-light\"><span aria-hidden=\"true\" class=\"wp-block-cover__background has-background-dim-0 has-background-dim\"><\/span><img loading=\"lazy\" decoding=\"async\" width=\"708\" height=\"466\" class=\"wp-block-cover__image-background wp-image-154\" alt=\"Bild vom Haus im Sommer\" src=\"https:\/\/neu.apartcentral.at\/wp-content\/uploads\/2022\/09\/haus-sommer.jpg\" style=\"object-position:51% 24%\" data-object-fit=\"cover\" data-object-position=\"51% 24%\" srcset=\"https:\/\/neu.apartcentral.at\/wp-content\/uploads\/2022\/09\/haus-sommer.jpg 708w, https:\/\/neu.apartcentral.at\/wp-content\/uploads\/2022\/09\/haus-sommer-300x197.jpg 300w\" sizes=\"auto, (max-width: 708px) 100vw, 708px\" \/><div class=\"wp-block-cover__inner-container is-layout-flow wp-block-cover-is-layout-flow\">\n<h1 class=\"has-text-align-center start-page-picture-font has-nv-site-bg-color has-text-color has-background has-large-font-size wp-block-heading\" style=\"background-color:#00000070\">Preisg\u00fcnstige Ferienwohnungen<br>nahe bei Ischgl<\/h1>\n<\/div><\/div>\n<\/div>\n<\/div>\n\n\n\n<p id=\"id2\">Das Apart Central in See, ist der ideale Ausgangspunkt f\u00fcr Ihren <strong>Schiurlaub <\/strong>und z\u00e4hlt wahrscheinlich zu einer der gem\u00fctlichsten Unterk\u00fcnfte mitten im Ortszentrum von See. Mit zwei Ferienwohnungen und\u00a0einem\u00a0Mehrbettzimmer mit Wohnk\u00fcche sowie mit einer Saunalandschaft ist das Haus perfekt f\u00fcr Ihren Urlaub in See.<\/p>\n\n\n\n<p id=\"id2\">In unseren Apartments bieten wir Platz f\u00fcr <strong>bis zu 15 Personen<\/strong>, also ideal f\u00fcr Familien oder Gruppen. Ein riesen Vorteil bietet der gro\u00dfe Wohnraum im Apartment Bernhard, da alle Personen einer Gruppe oder mehrere Familien gem\u00fctlich Platz finden.<\/p>\n\n\n\n<p id=\"id2\">Direkt vor der Haust\u00fcre startet halbst\u00fcndlich der kostenlose Schibus in die Skigebiete des Paznauntals. Der Transfer bringt Sie auch nach einem z\u00fcnftigen Apre wieder sicher nach Hause. <\/p>\n\n\n\n<p id=\"id2\">Zum Skifahren und Snowboarden bieten wir Ihnen direkt in See ein tolles Familien-Skigebiet. Zus\u00e4tzlich gibt es die unbegrenzten M\u00f6glichkeiten im ganzen Paznauntal mit nur einem Skipass alle Bahnen (See, Kappl, Ischgl, Samnaun und Galt\u00fcr) zu erleben. <\/p>\n\n\n\n<p id=\"id2\">Ob &#8222;Last Minute Ski&#8220; oder &#8222;Last Minute Tirol&#8220;, Sie sehen auf unserer Homepage auch immer wieder kurzfristige Ferienwohnung &#8211; Angebote.<\/p>\n\n\n\n<p id=\"id2\">\u00dcberzeugen Sie sich selbst und entdecken Sie das unbeschreibliche Erholungsgef\u00fchl mit einem Urlaub im Apart Central<\/p>\n\n\n\n<p id=\"id14\">Fam. Wolf<\/p>\n","protected":false},"excerpt":{"rendered":"<p>Das Apart Central in See, ist der ideale Ausgangspunkt f\u00fcr Ihren Schiurlaub und z\u00e4hlt wahrscheinlich zu einer der gem\u00fctlichsten Unterk\u00fcnfte mitten im Ortszentrum von See. Mit zwei Ferienwohnungen und\u00a0einem\u00a0Mehrbettzimmer mit Wohnk\u00fcche sowie mit einer Saunalandschaft ist das Haus perfekt f\u00fcr Ihren Urlaub in See. In unseren Apartments bieten wir Platz f\u00fcr bis zu 15 Personen,&hellip;&nbsp;<a href=\"https:\/\/neu.apartcentral.at\/\" rel=\"bookmark\">Weiterlesen &raquo;<span class=\"screen-reader-text\">Startseite<\/span><\/a><\/p>\n","protected":false},"author":1,"featured_media":0,"parent":0,"menu_order":0,"comment_status":"closed","ping_status":"closed","template":"","meta":{"neve_meta_sidebar":"","neve_meta_container":"","neve_meta_enable_content_width":"on","neve_meta_content_width":100,"neve_meta_title_alignment":"","neve_meta_author_avatar":"","neve_post_elements_order":"","neve_meta_disable_header":"","neve_meta_disable_footer":"","neve_meta_disable_title":"on","footnotes":""},"class_list":["post-78","page","type-page","status-publish","hentry"],"_links":{"self":[{"href":"https:\/\/neu.apartcentral.at\/index.php\/wp-json\/wp\/v2\/pages\/78","targetHints":{"allow":["GET"]}}],"collection":[{"href":"https:\/\/neu.apartcentral.at\/index.php\/wp-json\/wp\/v2\/pages"}],"about":[{"href":"https:\/\/neu.apartcentral.at\/index.php\/wp-json\/wp\/v2\/types\/page"}],"author":[{"embeddable":true,"href":"https:\/\/neu.apartcentral.at\/index.php\/wp-json\/wp\/v2\/users\/1"}],"replies":[{"embeddable":true,"href":"https:\/\/neu.apartcentral.at\/index.php\/wp-json\/wp\/v2\/comments?post=78"}],"version-history":[{"count":15,"href":"https:\/\/neu.apartcentral.at\/index.php\/wp-json\/wp\/v2\/pages\/78\/revisions"}],"predecessor-version":[{"id":287,"href":"https:\/\/neu.apartcentral.at\/index.php\/wp-json\/wp\/v2\/pages\/78\/revisions\/287"}],"wp:attachment":[{"href":"https:\/\/neu.apartcentral.at\/index.php\/wp-json\/wp\/v2\/media?parent=78"}],"curies":[{"name":"wp","href":"https:\/\/api.w.org\/{rel}","templated":true}]}}