{"id":98,"date":"2022-09-22T21:11:22","date_gmt":"2022-09-22T21:11:22","guid":{"rendered":"https:\/\/neu.apartcentral.at\/?page_id=98"},"modified":"2022-09-25T19:30:05","modified_gmt":"2022-09-25T19:30:05","slug":"tarife","status":"publish","type":"page","link":"https:\/\/neu.apartcentral.at\/index.php\/tarife\/","title":{"rendered":"Tarife"},"content":{"rendered":"\n<div class=\"wp-block-columns has-nv-light-bg-background-color has-background is-layout-flex wp-container-core-columns-is-layout-9d6595d7 wp-block-columns-is-layout-flex\">\n<div class=\"wp-block-column is-vertically-aligned-top is-layout-flow wp-block-column-is-layout-flow\">\n<h3 class=\"has-text-align-center wp-block-heading\">Hauptsaison &#8211; Winter<\/h3>\n\n\n\n<p class=\"has-text-align-center\">21.12.2019 &#8211; 06.01.2020<br>18.01.2020 &#8211; 18.04.2020<\/p>\n<\/div>\n\n\n\n<div class=\"wp-block-column is-layout-flow wp-block-column-is-layout-flow\">\n<h3 class=\"has-text-align-center wp-block-heading\">Nebensaison &#8211; Winter<\/h3>\n\n\n\n<p class=\"has-text-align-center\">28.11.2019 &#8211; 20.12.2019<br>07.01.2020 &#8211; 17.01.2020<br>19.04.2020 &#8211; 03.05.2020<\/p>\n<\/div>\n<\/div>\n\n\n\n<p>Alle Tarife inkl. MwSt. bei Beleung mit Personen pro Nacht.<\/p>\n\n\n\n<h2 class=\"has-large-font-size wp-block-heading\">Apartment Bernhard<\/h2>\n\n\n\n<figure class=\"wp-block-table is-style-stripes\"><table><tbody><tr><td><strong>Saison<\/strong><\/td><td><strong>2 Pers.<\/strong><\/td><td><strong>3 Pers.<\/strong><\/td><td><strong>4 Pers.<\/strong><\/td><td><strong>5 Pers.<\/strong><\/td><td><strong>6 Pers.<\/strong><\/td><td><strong>7 Pers.<\/strong><\/td><\/tr><tr><td><strong>Hauptsaison<\/strong><\/td><td>130,00<\/td><td>130,00<\/td><td>140,00<\/td><td>150,00<\/td><td>160,00<\/td><td>170,00<\/td><\/tr><tr><td><strong>Nebensaison<\/strong><\/td><td>120,00<\/td><td>120,00<\/td><td>130,00<\/td><td>140,00<\/td><td>150,00<\/td><td>160,00<\/td><\/tr><\/tbody><\/table><\/figure>\n\n\n\n<h2 class=\"has-large-font-size wp-block-heading\">Apartment Christine<\/h2>\n\n\n\n<figure class=\"wp-block-table is-style-stripes\"><table><tbody><tr><td><strong>Saison<\/strong><\/td><td><strong>2 Pers.<\/strong><\/td><td><strong>3 Pers.<\/strong><\/td><td><strong>4 Pers.<\/strong><\/td><\/tr><tr><td><strong>Hauptsaison<\/strong><\/td><td>90,00<\/td><td>108,00<\/td><td>120,00<\/td><\/tr><tr><td><strong>Nebensaison<\/strong><\/td><td>80,00<\/td><td>95,00<\/td><td>105,00<\/td><\/tr><\/tbody><\/table><\/figure>\n\n\n\n<h2 class=\"has-large-font-size wp-block-heading\">Mehrbettzimmer Marlis<\/h2>\n\n\n\n<figure class=\"wp-block-table is-style-stripes\"><table><tbody><tr><td><strong>Saison<\/strong><\/td><td><strong>2 Pers.<\/strong><\/td><td><strong>3 Pers.<\/strong><\/td><td><strong>4 Pers.<\/strong><\/td><\/tr><tr><td><strong>Hauptsaison<\/strong><\/td><td>80,00<\/td><td>100,00<\/td><td>110,00<\/td><\/tr><tr><td><strong>Nebensaison<\/strong><\/td><td>70,00<\/td><td>90,00<\/td><td>100,00<\/td><\/tr><\/tbody><\/table><\/figure>\n\n\n\n<p>Alle Tarife beinhalten die Unterbringung ohne Verpflegung inkl. MwSt. zuz\u00fcglich Ortstaxe und Endreinigung.<br>Ortstaxe f\u00fcr Personen \u00fcber 15 Jahren im Sommer EUR 2,20 \/ Nacht und im Winter EUR 3,00 \/ Nacht.<br>Endreinigung je nach Ferienwohnungstyp von EUR 30,00 bis 40,00.<br>Kurzn\u00e4chtigungszuschlag bis 3 N\u00e4chte EUR 3,00 \/ Nacht \/ Person.<\/p>\n\n\n\n<p>Bitte beachten Sie auch unsere <a href=\"http:\/\/agb\" data-type=\"URL\" data-id=\"agb\">allgemeinen Gesch\u00e4ftsbedingungen<\/a>.<\/p>\n","protected":false},"excerpt":{"rendered":"<p>Hauptsaison &#8211; Winter 21.12.2019 &#8211; 06.01.202018.01.2020 &#8211; 18.04.2020 Nebensaison &#8211; Winter 28.11.2019 &#8211; 20.12.201907.01.2020 &#8211; 17.01.202019.04.2020 &#8211; 03.05.2020 Alle Tarife inkl. MwSt. bei Beleung mit Personen pro Nacht. Apartment Bernhard Saison 2 Pers. 3 Pers. 4 Pers. 5 Pers. 6 Pers. 7 Pers. Hauptsaison 130,00 130,00 140,00 150,00 160,00 170,00 Nebensaison 120,00 120,00 130,00 140,00&hellip;&nbsp;<a href=\"https:\/\/neu.apartcentral.at\/index.php\/tarife\/\" rel=\"bookmark\">Weiterlesen &raquo;<span class=\"screen-reader-text\">Tarife<\/span><\/a><\/p>\n","protected":false},"author":1,"featured_media":0,"parent":0,"menu_order":0,"comment_status":"closed","ping_status":"closed","template":"","meta":{"neve_meta_sidebar":"","neve_meta_container":"","neve_meta_enable_content_width":"","neve_meta_content_width":0,"neve_meta_title_alignment":"","neve_meta_author_avatar":"","neve_post_elements_order":"","neve_meta_disable_header":"","neve_meta_disable_footer":"","neve_meta_disable_title":"","footnotes":""},"class_list":["post-98","page","type-page","status-publish","hentry"],"_links":{"self":[{"href":"https:\/\/neu.apartcentral.at\/index.php\/wp-json\/wp\/v2\/pages\/98","targetHints":{"allow":["GET"]}}],"collection":[{"href":"https:\/\/neu.apartcentral.at\/index.php\/wp-json\/wp\/v2\/pages"}],"about":[{"href":"https:\/\/neu.apartcentral.at\/index.php\/wp-json\/wp\/v2\/types\/page"}],"author":[{"embeddable":true,"href":"https:\/\/neu.apartcentral.at\/index.php\/wp-json\/wp\/v2\/users\/1"}],"replies":[{"embeddable":true,"href":"https:\/\/neu.apartcentral.at\/index.php\/wp-json\/wp\/v2\/comments?post=98"}],"version-history":[{"count":6,"href":"https:\/\/neu.apartcentral.at\/index.php\/wp-json\/wp\/v2\/pages\/98\/revisions"}],"predecessor-version":[{"id":215,"href":"https:\/\/neu.apartcentral.at\/index.php\/wp-json\/wp\/v2\/pages\/98\/revisions\/215"}],"wp:attachment":[{"href":"https:\/\/neu.apartcentral.at\/index.php\/wp-json\/wp\/v2\/media?parent=98"}],"curies":[{"name":"wp","href":"https:\/\/api.w.org\/{rel}","templated":true}]}}